{"id":37056,"date":"2015-09-09T11:09:12","date_gmt":"2015-09-09T09:09:12","guid":{"rendered":"https:\/\/undsgn.com\/uncode\/?page_id=37056"},"modified":"2025-07-14T12:34:20","modified_gmt":"2025-07-14T12:34:20","slug":"classic-agency","status":"publish","type":"page","link":"https:\/\/disenio.net\/","title":{"rendered":"Inicio"},"content":{"rendered":"<div class=\"wpb-content-wrapper\"><p>[vc_row row_height_percent=&#8221;0&#8243; override_padding=&#8221;yes&#8221; h_padding=&#8221;2&#8243; top_padding=&#8221;5&#8243; bottom_padding=&#8221;0&#8243; overlay_alpha=&#8221;0&#8243; gutter_size=&#8221;100&#8243; column_width_percent=&#8221;100&#8243; shift_y=&#8221;0&#8243; z_index=&#8221;0&#8243; style=&#8221;inherited&#8221;][vc_column column_width_percent=&#8221;100&#8243; align_horizontal=&#8221;align_center&#8221; gutter_size=&#8221;4&#8243; overlay_alpha=&#8221;100&#8243; shift_x=&#8221;0&#8243; shift_y=&#8221;0&#8243; z_index=&#8221;0&#8243; medium_width=&#8221;0&#8243; zoom_width=&#8221;0&#8243; zoom_height=&#8221;0&#8243; width=&#8221;1\/1&#8243;][vc_row_inner row_inner_height_percent=&#8221;0&#8243; overlay_alpha=&#8221;100&#8243; gutter_size=&#8221;3&#8243; shift_y=&#8221;0&#8243; limit_content=&#8221;&#8221;][vc_column_inner column_width_use_pixel=&#8221;yes&#8221; align_horizontal=&#8221;align_center&#8221; gutter_size=&#8221;3&#8243; overlay_alpha=&#8221;100&#8243; shift_x=&#8221;0&#8243; shift_y=&#8221;0&#8243; shift_y_down=&#8221;0&#8243; z_index=&#8221;0&#8243; medium_width=&#8221;0&#8243; mobile_width=&#8221;0&#8243; zoom_width=&#8221;0&#8243; zoom_height=&#8221;0&#8243; mobile_width_full=&#8221;&#8221; width=&#8221;1\/1&#8243; column_width_pixel=&#8221;640&#8243;][vc_custom_heading text_weight=&#8221;700&#8243; text_transform=&#8221;uppercase&#8221; sub_lead=&#8221;yes&#8221; sub_reduced=&#8221;yes&#8221; css_animation=&#8221;alpha-anim&#8221; animation_delay=&#8221;200&#8243; text_align=&#8221;text-center&#8221; text_serif=&#8221;&#8221;]Servicios[\/vc_custom_heading][vc_separator sep_color=&#8221;accent&#8221; css_animation=&#8221;alpha-anim&#8221; animation_delay=&#8221;400&#8243; el_width=&#8221;100px&#8221; el_height=&#8221;2px&#8221;][vc_column_text css_animation=&#8221;alpha-anim&#8221; animation_delay=&#8221;600&#8243;]Orientamos a nuestros clientes en la identificaci\u00f3n de sus necesidades de dise\u00f1o, creando soluciones que mejoren su imagen y optimicen su inversi\u00f3n.[\/vc_column_text][\/vc_column_inner][\/vc_row_inner][vc_row_inner row_inner_height_percent=&#8221;0&#8243; overlay_alpha=&#8221;100&#8243; gutter_size=&#8221;4&#8243; shift_y=&#8221;0&#8243; limit_content=&#8221;&#8221;][vc_column_inner column_width_percent=&#8221;100&#8243; gutter_size=&#8221;3&#8243; overlay_alpha=&#8221;100&#8243; shift_x=&#8221;0&#8243; shift_y=&#8221;0&#8243; shift_y_down=&#8221;0&#8243; z_index=&#8221;0&#8243; medium_width=&#8221;3&#8243; mobile_width=&#8221;0&#8243; css_animation=&#8221;alpha-anim&#8221; animation_delay=&#8221;800&#8243; zoom_width=&#8221;0&#8243; zoom_height=&#8221;0&#8243; width=&#8221;1\/4&#8243;][vc_icon position=&#8221;left&#8221; icon_image=&#8221;83245&#8243; icon_color=&#8221;accent&#8221; media_size=&#8221;60px&#8221; text_font=&#8221;font-132812&#8243; text_size=&#8221;h4&#8243; text_weight=&#8221;600&#8243; align=&#8221;left&#8221; title=&#8221;Gr\u00e1fica&#8221;]Comunicaci\u00f3n visual<br \/>\nIdentidad corporativa<br \/>\nDise\u00f1o de envases<\/p>\n<p>[\/vc_icon][\/vc_column_inner][vc_column_inner column_width_percent=&#8221;100&#8243; gutter_size=&#8221;3&#8243; overlay_alpha=&#8221;100&#8243; shift_x=&#8221;0&#8243; shift_y=&#8221;0&#8243; shift_y_down=&#8221;0&#8243; z_index=&#8221;0&#8243; medium_width=&#8221;3&#8243; mobile_width=&#8221;0&#8243; css_animation=&#8221;alpha-anim&#8221; animation_delay=&#8221;1000&#8243; zoom_width=&#8221;0&#8243; zoom_height=&#8221;0&#8243; width=&#8221;1\/4&#8243;][vc_icon position=&#8221;left&#8221; icon_image=&#8221;83246&#8243; icon_color=&#8221;accent&#8221; media_size=&#8221;60px&#8221; text_font=&#8221;font-132812&#8243; text_size=&#8221;h4&#8243; text_weight=&#8221;600&#8243; align=&#8221;left&#8221; title=&#8221;Producto&#8221;]Desarrollo de productos<br \/>\nRegalos empresariales<br \/>\nLocales comerciales<\/p>\n<p>[\/vc_icon][\/vc_column_inner][vc_column_inner column_width_percent=&#8221;100&#8243; gutter_size=&#8221;3&#8243; overlay_alpha=&#8221;100&#8243; shift_x=&#8221;0&#8243; shift_y=&#8221;0&#8243; shift_y_down=&#8221;0&#8243; z_index=&#8221;0&#8243; medium_width=&#8221;3&#8243; mobile_width=&#8221;0&#8243; css_animation=&#8221;alpha-anim&#8221; animation_delay=&#8221;1200&#8243; zoom_width=&#8221;0&#8243; zoom_height=&#8221;0&#8243; width=&#8221;1\/4&#8243;][vc_icon position=&#8221;left&#8221; icon_image=&#8221;83243&#8243; icon_color=&#8221;accent&#8221; media_size=&#8221;60px&#8221; text_font=&#8221;font-132812&#8243; text_size=&#8221;h4&#8243; text_weight=&#8221;600&#8243; align=&#8221;left&#8221; title=&#8221;Digital&#8221;]Sitios web<br \/>\nPresentaciones digitales<br \/>\nVideos corporativos<\/p>\n<p>[\/vc_icon][\/vc_column_inner][vc_column_inner column_width_percent=&#8221;100&#8243; gutter_size=&#8221;3&#8243; overlay_alpha=&#8221;50&#8243; shift_x=&#8221;0&#8243; shift_y=&#8221;0&#8243; shift_y_down=&#8221;0&#8243; z_index=&#8221;0&#8243; medium_width=&#8221;0&#8243; mobile_width=&#8221;0&#8243; css_animation=&#8221;alpha-anim&#8221; animation_delay=&#8221;1400&#8243; width=&#8221;1\/4&#8243;][vc_icon position=&#8221;left&#8221; icon_image=&#8221;83244&#8243; icon_color=&#8221;accent&#8221; media_size=&#8221;60px&#8221; text_font=&#8221;font-132812&#8243; text_size=&#8221;h4&#8243; text_weight=&#8221;600&#8243; align=&#8221;left&#8221; title=&#8221;Eventos&#8221;]Gesti\u00f3n integral<br \/>\nDise\u00f1o y ejecuci\u00f3n<br \/>\nLanzamientos de productos<\/p>\n<p>[\/vc_icon][\/vc_column_inner][\/vc_row_inner][\/vc_column][\/vc_row][vc_row unlock_row_content=&#8221;yes&#8221; row_height_percent=&#8221;0&#8243; override_padding=&#8221;yes&#8221; h_padding=&#8221;0&#8243; top_padding=&#8221;3&#8243; bottom_padding=&#8221;0&#8243; overlay_alpha=&#8221;100&#8243; gutter_size=&#8221;100&#8243; shift_y=&#8221;0&#8243; style=&#8221;inherited&#8221;][vc_column column_width_percent=&#8221;100&#8243; align_horizontal=&#8221;align_center&#8221; gutter_size=&#8221;4&#8243; overlay_alpha=&#8221;100&#8243; shift_x=&#8221;0&#8243; shift_y=&#8221;0&#8243; z_index=&#8221;0&#8243; medium_width=&#8221;0&#8243; zoom_width=&#8221;0&#8243; zoom_height=&#8221;0&#8243; width=&#8221;1\/1&#8243;][uncode_index el_id=&#8221;index-2222&#8243; loop=&#8221;size:6|order_by:date|post_type:portfolio&#8221; index_back_color=&#8221;color-wayh&#8221; screen_lg=&#8221;1000&#8243; screen_md=&#8221;800&#8243; screen_sm=&#8221;600&#8243; gutter_size=&#8221;0&#8243; post_items=&#8221;title,media,text,link,author,date,category,extra&#8221; page_items=&#8221;title,media,text,category&#8221; product_items=&#8221;title,media,text,category,price&#8221; portfolio_items=&#8221;media|featured|onpost|poster,title&#8221; single_text=&#8221;overlay&#8221; images_size=&#8221;four-three&#8221; single_overlay_color=&#8221;accent&#8221; single_overlay_opacity=&#8221;85&#8243; single_image_color_anim=&#8221;yes&#8221; single_image_anim=&#8221;no&#8221; single_h_align=&#8221;center&#8221; single_padding=&#8221;2&#8243; single_title_dimension=&#8221;h4&#8243; single_title_transform=&#8221;uppercase&#8221; single_border=&#8221;yes&#8221; single_css_animation=&#8221;bottom-t-top&#8221; single_animation_speed=&#8221;600&#8243; single_animation_delay=&#8221;200&#8243; custom_order=&#8221;yes&#8221; filtering_transform=&#8221;uppercase&#8221; carousel_rtl=&#8221;&#8221; single_block_click=&#8221;yes&#8221; single_text_hover=&#8221;yes&#8221; single_no_background=&#8221;&#8221; single_title_serif=&#8221;&#8221; single_title_divider=&#8221;&#8221; single_half_padding=&#8221;&#8221; single_title_bold=&#8221;yes&#8221; footer_position=&#8221;left&#8221; title=&#8221;Portfolio Preview&#8221; items=&#8221;e30=&#8221; order_ids=&#8221;4078,4065,4081,4146,4069,4142,4140,4085,4071&#8243; single_icon=&#8221;fa fa-cog&#8221;][\/vc_column][\/vc_row][vc_row unlock_row_content=&#8221;yes&#8221; row_height_percent=&#8221;0&#8243; override_padding=&#8221;yes&#8221; h_padding=&#8221;2&#8243; top_padding=&#8221;5&#8243; bottom_padding=&#8221;0&#8243; overlay_alpha=&#8221;0&#8243; gutter_size=&#8221;100&#8243; column_width_percent=&#8221;100&#8243; shift_y=&#8221;0&#8243; z_index=&#8221;0&#8243; style=&#8221;inherited&#8221;][vc_column column_width_percent=&#8221;100&#8243; align_horizontal=&#8221;align_center&#8221; gutter_size=&#8221;4&#8243; overlay_alpha=&#8221;100&#8243; shift_x=&#8221;0&#8243; shift_y=&#8221;0&#8243; z_index=&#8221;0&#8243; medium_width=&#8221;0&#8243; zoom_width=&#8221;0&#8243; zoom_height=&#8221;0&#8243; width=&#8221;1\/1&#8243;][vc_row_inner row_inner_height_percent=&#8221;0&#8243; overlay_alpha=&#8221;100&#8243; gutter_size=&#8221;3&#8243; shift_y=&#8221;0&#8243; limit_content=&#8221;&#8221;][vc_column_inner column_width_percent=&#8221;100&#8243; align_horizontal=&#8221;align_center&#8221; gutter_size=&#8221;3&#8243; overlay_alpha=&#8221;100&#8243; shift_x=&#8221;0&#8243; shift_y=&#8221;0&#8243; shift_y_down=&#8221;0&#8243; z_index=&#8221;0&#8243; medium_width=&#8221;0&#8243; mobile_width=&#8221;0&#8243; zoom_width=&#8221;0&#8243; zoom_height=&#8221;0&#8243; mobile_width_full=&#8221;&#8221; width=&#8221;1\/1&#8243;][vc_custom_heading text_weight=&#8221;700&#8243; text_transform=&#8221;uppercase&#8221; sub_lead=&#8221;yes&#8221; sub_reduced=&#8221;yes&#8221; css_animation=&#8221;alpha-anim&#8221; animation_delay=&#8221;200&#8243; text_align=&#8221;text-center&#8221; text_serif=&#8221;&#8221;]Equipo[\/vc_custom_heading][vc_separator sep_color=&#8221;accent&#8221; css_animation=&#8221;alpha-anim&#8221; animation_delay=&#8221;400&#8243; el_width=&#8221;100px&#8221; el_height=&#8221;2px&#8221;][vc_column_text css_animation=&#8221;alpha-anim&#8221; animation_delay=&#8221;600&#8243;]Te invitamos a conocernos para gestionar ideas aplicables a tu organizaci\u00f3n o proyecto.[\/vc_column_text][vc_empty_space empty_h=&#8221;3&#8243;][\/vc_column_inner][\/vc_row_inner][\/vc_column][\/vc_row][vc_row unlock_row_content=&#8221;yes&#8221; row_height_percent=&#8221;0&#8243; override_padding=&#8221;yes&#8221; h_padding=&#8221;0&#8243; top_padding=&#8221;0&#8243; bottom_padding=&#8221;0&#8243; back_color=&#8221;color-jevc&#8221; overlay_alpha=&#8221;0&#8243; gutter_size=&#8221;100&#8243; column_width_percent=&#8221;100&#8243; shift_y=&#8221;0&#8243; z_index=&#8221;0&#8243; style=&#8221;inherited&#8221;][vc_column column_width_percent=&#8221;100&#8243; align_horizontal=&#8221;align_center&#8221; gutter_size=&#8221;4&#8243; overlay_alpha=&#8221;100&#8243; shift_x=&#8221;0&#8243; shift_y=&#8221;0&#8243; z_index=&#8221;0&#8243; medium_width=&#8221;0&#8243; zoom_width=&#8221;0&#8243; zoom_height=&#8221;0&#8243; width=&#8221;1\/1&#8243;][vc_gallery el_id=&#8221;gallery-23446&#8243; medias=&#8221;83023,83024,83022,83454,83025,83028,83026,83029,83027&#8243; gallery_back_color=&#8221;color-jevc&#8221; gutter_size=&#8221;0&#8243; media_items=&#8221;media|nolink|original,title,caption,sep-one|reduced&#8221; screen_lg=&#8221;1000&#8243; screen_md=&#8221;600&#8243; screen_sm=&#8221;480&#8243; single_back_color=&#8221;color-rgdb&#8221; single_overlay_color=&#8221;color-wayh&#8221; single_overlay_opacity=&#8221;50&#8243; single_image_anim=&#8221;no&#8221; single_h_align=&#8221;center&#8221; single_padding=&#8221;2&#8243; single_title_dimension=&#8221;h4&#8243; single_border=&#8221;yes&#8221; single_css_animation=&#8221;bottom-t-top&#8221; single_animation_delay=&#8221;200&#8243; title=&#8221;Team Members&#8221; uncode_shortcode_id=&#8221;709067&#8243; gallery_back_color_type=&#8221;uncode-palette&#8221;][\/vc_column][\/vc_row][vc_row unlock_row_content=&#8221;yes&#8221; row_height_percent=&#8221;0&#8243; override_padding=&#8221;yes&#8221; h_padding=&#8221;0&#8243; top_padding=&#8221;0&#8243; bottom_padding=&#8221;0&#8243; back_color=&#8221;color-nhtu&#8221; overlay_alpha=&#8221;100&#8243; equal_height=&#8221;yes&#8221; gutter_size=&#8221;0&#8243; column_width_percent=&#8221;100&#8243; shift_y=&#8221;0&#8243; z_index=&#8221;0&#8243; style=&#8221;inherited&#8221; row_name=&#8221;Our Team&#8221; el_class=&#8221;overflow-hidden&#8221;][vc_column column_width_percent=&#8221;100&#8243; position_horizontal=&#8221;left&#8221; position_vertical=&#8221;middle&#8221; gutter_size=&#8221;3&#8243; override_padding=&#8221;yes&#8221; column_padding=&#8221;0&#8243; style=&#8221;dark&#8221; overlay_alpha=&#8221;100&#8243; shift_x=&#8221;0&#8243; shift_y=&#8221;0&#8243; medium_width=&#8221;0&#8243; zoom_width=&#8221;0&#8243; zoom_height=&#8221;0&#8243; width=&#8221;1\/1&#8243;][\/vc_column][\/vc_row][vc_row row_height_percent=&#8221;0&#8243; override_padding=&#8221;yes&#8221; h_padding=&#8221;2&#8243; top_padding=&#8221;3&#8243; bottom_padding=&#8221;3&#8243; overlay_alpha=&#8221;100&#8243; gutter_size=&#8221;3&#8243; border_color=&#8221;color-gyho&#8221; border_style=&#8221;solid&#8221; shift_y=&#8221;0&#8243;][vc_column column_width_percent=&#8221;100&#8243; align_horizontal=&#8221;align_center&#8221; gutter_size=&#8221;3&#8243; overlay_alpha=&#8221;100&#8243; shift_x=&#8221;0&#8243; shift_y=&#8221;0&#8243; z_index=&#8221;0&#8243; medium_width=&#8221;0&#8243; zoom_width=&#8221;0&#8243; zoom_height=&#8221;0&#8243; width=&#8221;1\/1&#8243;][vc_gallery el_id=&#8221;gallery-85457&#8243; type=&#8221;carousel&#8221; medias=&#8221;83088,83319,83092,83085,83087,83091,83084,83095,83090,83093,83096,83086,83089&#8243; carousel_lg=&#8221;7&#8243; carousel_md=&#8221;5&#8243; carousel_sm=&#8221;3&#8243; gutter_size=&#8221;3&#8243; media_items=&#8221;media|nolink|original&#8221; carousel_interval=&#8221;3000&#8243; carousel_navspeed=&#8221;400&#8243; carousel_loop=&#8221;yes&#8221; stage_padding=&#8221;0&#8243; single_overlay_opacity=&#8221;50&#8243; single_overlay_anim=&#8221;no&#8221; single_text_anim=&#8221;no&#8221; single_image_anim=&#8221;no&#8221; single_padding=&#8221;2&#8243; single_border=&#8221;yes&#8221; title=&#8221;Clientes&#8221; uncode_shortcode_id=&#8221;987307&#8243;][\/vc_column][\/vc_row]<\/p>\n<\/div>","protected":false},"excerpt":{"rendered":"<p>[vc_row row_height_percent=&#8221;0&#8243; override_padding=&#8221;yes&#8221; h_padding=&#8221;2&#8243; top_padding=&#8221;5&#8243; bottom_padding=&#8221;0&#8243; overlay_alpha=&#8221;0&#8243; gutter_size=&#8221;100&#8243; column_width_percent=&#8221;100&#8243; shift_y=&#8221;0&#8243; z_index=&#8221;0&#8243; style=&#8221;inherited&#8221;][vc_column column_width_percent=&#8221;100&#8243; align_horizontal=&#8221;align_center&#8221; gutter_size=&#8221;4&#8243; overlay_alpha=&#8221;100&#8243; shift_x=&#8221;0&#8243; shift_y=&#8221;0&#8243; z_index=&#8221;0&#8243; medium_width=&#8221;0&#8243; [&hellip;]<\/p>\n","protected":false},"author":2,"featured_media":78585,"parent":0,"menu_order":0,"comment_status":"closed","ping_status":"closed","template":"","meta":{"footnotes":""},"_links":{"self":[{"href":"https:\/\/disenio.net\/index.php?rest_route=\/wp\/v2\/pages\/37056"}],"collection":[{"href":"https:\/\/disenio.net\/index.php?rest_route=\/wp\/v2\/pages"}],"about":[{"href":"https:\/\/disenio.net\/index.php?rest_route=\/wp\/v2\/types\/page"}],"author":[{"embeddable":true,"href":"https:\/\/disenio.net\/index.php?rest_route=\/wp\/v2\/users\/2"}],"replies":[{"embeddable":true,"href":"https:\/\/disenio.net\/index.php?rest_route=%2Fwp%2Fv2%2Fcomments&post=37056"}],"version-history":[{"count":56,"href":"https:\/\/disenio.net\/index.php?rest_route=\/wp\/v2\/pages\/37056\/revisions"}],"predecessor-version":[{"id":83457,"href":"https:\/\/disenio.net\/index.php?rest_route=\/wp\/v2\/pages\/37056\/revisions\/83457"}],"wp:featuredmedia":[{"embeddable":true,"href":"https:\/\/disenio.net\/index.php?rest_route=\/wp\/v2\/media\/78585"}],"wp:attachment":[{"href":"https:\/\/disenio.net\/index.php?rest_route=%2Fwp%2Fv2%2Fmedia&parent=37056"}],"curies":[{"name":"wp","href":"https:\/\/api.w.org\/{rel}","templated":true}]}}